{"id":677,"date":"2019-05-11T13:34:11","date_gmt":"2019-05-11T11:34:11","guid":{"rendered":"http:\/\/avaseats.com\/wordpress\/?page_id=677"},"modified":"2026-01-15T13:24:51","modified_gmt":"2026-01-15T12:24:51","slug":"galeria","status":"publish","type":"page","link":"https:\/\/www.avaseats.com\/index.php\/galeria\/","title":{"rendered":"Galeria"},"content":{"rendered":"<h3 style=\"text-align: center;\"><em>Stadion w Wi\u015ble<\/em><\/h3>\nngg_shortcode_0_placeholder\n<h3 style=\"text-align: center;\"><em>Stadion w Rani\u017cowie<\/em><\/h3>\nngg_shortcode_1_placeholder\n<h3 style=\"text-align: center;\"><em>Stadion w \u017bd\u017carach<\/em><\/h3>\nngg_shortcode_2_placeholder\n<h3 style=\"text-align: center;\"><em>Stadion w Garwolinie<\/em><\/h3>\nngg_shortcode_3_placeholder\n<h3 style=\"text-align: center;\"><em>Boisko sportowe w Ha\u017clach<\/em><\/h3>\nngg_shortcode_4_placeholder\n<h3 style=\"text-align: center;\"><em>Stadion w Pe\u0142czycach<\/em><\/h3>\nngg_shortcode_5_placeholder\n<h3 style=\"text-align: center;\"><em>Stadion w Nak\u0142o nad Noteci\u0105<\/em><\/h3>\nngg_shortcode_6_placeholder\n<h3 style=\"text-align: center;\"><em>Stadion w Cieszynie<\/em><\/h3>\nngg_shortcode_7_placeholder\n<h3 style=\"text-align: center;\"><em>Stadion w Koninie<\/em><\/h3>\nngg_shortcode_8_placeholder\n<h3 style=\"text-align: center;\"><em>Stadion Lechia Dzier\u017coni\u00f3w<\/em><\/h3>\nngg_shortcode_9_placeholder\n<h3 style=\"text-align: center;\"><em>Stadion &#8222;K\u0105ty&#8221; Chrzan\u00f3w<\/em><\/h3>\nngg_shortcode_10_placeholder\n<h3 style=\"text-align: center;\"><em>Nowy \u017bmigr\u00f3d<\/em><\/h3>\nngg_shortcode_11_placeholder\n<h3 style=\"text-align: center;\"><em>Rzesz\u00f3w &#8222;Korona Za\u0142\u0119\u017ce&#8221;<\/em><\/h3>\nngg_shortcode_12_placeholder\n<h3 style=\"text-align: center;\"><em>Pie\u0144sk<\/em><\/h3>\nngg_shortcode_13_placeholder\n<h3 style=\"text-align: center;\"><em>Katowice<\/em><\/h3>\nngg_shortcode_14_placeholder\n<h3 style=\"text-align: center;\"><em>I\u0142owo-Osada<\/em><\/h3>\nngg_shortcode_15_placeholder\n<h3 style=\"text-align: center;\"><em>Bia\u0142a<\/em><\/h3>\nngg_shortcode_16_placeholder\n<h3 style=\"text-align: center;\"><em>Chocianowice<\/em><\/h3>\nngg_shortcode_17_placeholder\n<h3 style=\"text-align: center;\"><em>Tczew<\/em><\/h3>\nngg_shortcode_18_placeholder\n<h3 style=\"text-align: center;\"><em>Pruchnik<\/em><\/h3>\nngg_shortcode_19_placeholder\n<h3 style=\"text-align: center;\"><em>Lipnica Dolna<\/em><\/h3>\nngg_shortcode_20_placeholder\n<h3 style=\"text-align: center;\"><em>Stargard<\/em><\/h3>\nngg_shortcode_21_placeholder\n<h3 style=\"text-align: center;\"><em>Krosno &#8211; stadion \u017cu\u017clowy<\/em><\/h3>\nngg_shortcode_22_placeholder\n<h3 style=\"text-align: center;\"><em>Bytom lodowisko<\/em><\/h3>\nngg_shortcode_23_placeholder\n<h3 style=\"text-align: center;\"><em>Bytca (S\u0142owacja)<\/em><\/h3>\nngg_shortcode_24_placeholder\n<h3 style=\"text-align: center;\"><em>Brze\u015b\u0107 Kujawski<\/em><\/h3>\nngg_shortcode_25_placeholder\n<h3 style=\"text-align: center;\"><em>Wroc\u0142aw<\/em><\/h3>\nngg_shortcode_26_placeholder\n<h3 style=\"text-align: center;\"><em>Sierakowice<\/em><\/h3>\nngg_shortcode_27_placeholder\n<h3 style=\"text-align: center;\"><em>Warszawa<\/em><\/h3>\nngg_shortcode_28_placeholder\n<h3 style=\"text-align: center;\"><em>Ole\u015bniki<\/em><\/h3>\nngg_shortcode_29_placeholder\n<h3 style=\"text-align: center;\"><em>Ma\u0142a Ida (S\u0142owacja)<\/em><\/h3>\nngg_shortcode_30_placeholder\n<h3 style=\"text-align: center;\"><em>Karlove Vary (Czechy)<\/em><\/h3>\nngg_shortcode_31_placeholder\n<h3 style=\"text-align: center;\"><em>Gothal, Liptovska Osada (S\u0142owacja)<\/em><\/h3>\nngg_shortcode_32_placeholder\n<h3>&nbsp;<\/h3>\n<h3 style=\"text-align: center;\"><em>Rycz\u00f3w, stadion LKS &#8222;Orze\u0142&#8221;<\/em><\/h3>\nngg_shortcode_33_placeholder\n<h3 style=\"text-align: center;\"><em>Wroc\u0142aw, stadion \u015al\u0119zy<\/em><\/h3>\nngg_shortcode_34_placeholder\n<h3 style=\"text-align: center;\"><em>Pozba (S\u0142owacja)<\/em><\/h3>\nngg_shortcode_35_placeholder\n<h3 style=\"text-align: center;\"><em>Celestyn\u00f3w<\/em><\/h3>\nngg_shortcode_36_placeholder\n<h3 style=\"text-align: center;\"><em>Lubart\u00f3w<\/em><\/h3>\nngg_shortcode_37_placeholder\n<h3 style=\"text-align: center;\"><em>Biskupiec<\/em><\/h3>\nngg_shortcode_38_placeholder\n<h3 style=\"text-align: center;\"><em>Strza\u0142kowo &#8211; stadion pi\u0142karski<\/em><\/h3>\nngg_shortcode_39_placeholder\n<h3 style=\"text-align: center;\"><em>W\u00f3lka Pe\u0142ki\u0144ska &#8211; stadion W\u00f3lczanki<\/em><\/h3>\nngg_shortcode_40_placeholder\n<h3 style=\"text-align: center;\"><em>Kobierzyce &#8211; stadion \u015al\u0119zy<\/em><\/h3>\nngg_shortcode_41_placeholder\n<h3 style=\"text-align: center;\"><em>Libi\u015b (Czechy)<\/em><\/h3>\nngg_shortcode_42_placeholder\n<h3 style=\"text-align: center;\"><em>Teatr im. C. K. Norwida w Jeleniej G\u00f3rze<\/em><\/h3>\nngg_shortcode_43_placeholder\n<h3 style=\"text-align: center;\"><em>Jezierzyce<\/em><\/h3>\nngg_shortcode_44_placeholder\n<h3 style=\"text-align: center;\"><em>Perstejn (Czechy)<\/em><\/h3>\nngg_shortcode_45_placeholder\n<h3 style=\"text-align: center;\"><em>Chyne (Czechy)<\/em><\/h3>\nngg_shortcode_46_placeholder\n<h3 style=\"text-align: center;\">Chud\u00f3w<\/h3>\nngg_shortcode_47_placeholder\n<h3 style=\"text-align: center;\">Cluj- Napoca (Rumunia)<\/h3>\nngg_shortcode_48_placeholder\n<h3 style=\"text-align: center;\">Frampol<\/h3>\nngg_shortcode_49_placeholder\n<h3 style=\"text-align: center;\">Gliwice PODIUM<\/h3>\nngg_shortcode_50_placeholder\n<h3 style=\"text-align: center;\">Kalety DOM KULTURY<\/h3>\nngg_shortcode_51_placeholder\n<h3 style=\"text-align: center;\">Klucze<\/h3>\nngg_shortcode_52_placeholder\n<h3 style=\"text-align: center;\">Kolonka<\/h3>\nngg_shortcode_53_placeholder\n<h3 style=\"text-align: center;\">Krak\u00f3w Stadion Pr\u0105dniczanki<\/h3>\nngg_shortcode_54_placeholder\n<h3 style=\"text-align: center;\">Nowe Miasto Lubawskie<\/h3>\nngg_shortcode_55_placeholder\n<h3>&nbsp;<\/h3>\n<h3 style=\"text-align: center;\">Plovdiv (Bu\u0142garia)<\/h3>\nngg_shortcode_56_placeholder\n<h3 style=\"text-align: center;\">Podgorica (Czarnog\u00f3ra)<\/h3>\nngg_shortcode_57_placeholder\n<h3 style=\"text-align: center;\">Poprad (S\u0142owacja)<\/h3>\nngg_shortcode_58_placeholder\n<h3 style=\"text-align: center;\">Prostejov (Czechy)<\/h3>\nngg_shortcode_59_placeholder\n<h3>&nbsp;<\/h3>\n<h3 style=\"text-align: center;\">Rybnik<\/h3>\nngg_shortcode_60_placeholder\n<h3 style=\"text-align: center;\">Sofia (Bu\u0142garia)<\/h3>\nngg_shortcode_61_placeholder\n<h3>&nbsp;<\/h3>\n<h3 style=\"text-align: center;\">Stadion \u0141KS \u0141\u00f3d\u017a<\/h3>\nngg_shortcode_62_placeholder\n<h3 style=\"text-align: center;\">Stadion Or\u0142a Mi\u0119dzyrzecz<\/h3>\nngg_shortcode_63_placeholder\n<h3>&nbsp;<\/h3>\n<h3 style=\"text-align: center;\">Sucha Beskidzka<\/h3>\nngg_shortcode_64_placeholder\n<h3 style=\"text-align: center;\">Tarn\u00f3w<\/h3>\nngg_shortcode_65_placeholder\n<h3 style=\"text-align: center;\">Ustro\u0144<\/h3>\nngg_shortcode_66_placeholder\n<h3 style=\"text-align: center;\">Warszawa<\/h3>\nngg_shortcode_67_placeholder\n<h3>&nbsp;<\/h3>\n<h3 style=\"text-align: center;\">Ziar nad Hronom (S\u0142owacja)<\/h3>\nngg_shortcode_68_placeholder\n","protected":false},"excerpt":{"rendered":"<p>Stadion w Wi\u015ble Stadion w Rani\u017cowie Stadion w \u017bd\u017carach Stadion w Garwolinie Boisko sportowe w Ha\u017clach Stadion w Pe\u0142czycach Stadion w Nak\u0142o nad Noteci\u0105 Stadion w Cieszynie Stadion w Koninie Stadion Lechia Dzier\u017coni\u00f3w Stadion &#8222;K\u0105ty&#8221; Chrzan\u00f3w Nowy \u017bmigr\u00f3d Rzesz\u00f3w &#8222;Korona Za\u0142\u0119\u017ce&#8221; Pie\u0144sk Katowice I\u0142owo-Osada Bia\u0142a Chocianowice Tczew Pruchnik Lipnica Dolna Stargard Krosno &#8211; stadion \u017cu\u017clowy&hellip; <br \/> <a class=\"read-more\" href=\"https:\/\/www.avaseats.com\/index.php\/galeria\/\">Dowiedz si\u0119 wi\u0119cej<\/a><\/p>\n","protected":false},"author":1,"featured_media":0,"parent":0,"menu_order":0,"comment_status":"closed","ping_status":"closed","template":"","meta":{"ngg_post_thumbnail":0,"footnotes":""},"class_list":["post-677","page","type-page","status-publish","hentry"],"_links":{"self":[{"href":"https:\/\/www.avaseats.com\/index.php\/wp-json\/wp\/v2\/pages\/677","targetHints":{"allow":["GET"]}}],"collection":[{"href":"https:\/\/www.avaseats.com\/index.php\/wp-json\/wp\/v2\/pages"}],"about":[{"href":"https:\/\/www.avaseats.com\/index.php\/wp-json\/wp\/v2\/types\/page"}],"author":[{"embeddable":true,"href":"https:\/\/www.avaseats.com\/index.php\/wp-json\/wp\/v2\/users\/1"}],"replies":[{"embeddable":true,"href":"https:\/\/www.avaseats.com\/index.php\/wp-json\/wp\/v2\/comments?post=677"}],"version-history":[{"count":67,"href":"https:\/\/www.avaseats.com\/index.php\/wp-json\/wp\/v2\/pages\/677\/revisions"}],"predecessor-version":[{"id":1547,"href":"https:\/\/www.avaseats.com\/index.php\/wp-json\/wp\/v2\/pages\/677\/revisions\/1547"}],"wp:attachment":[{"href":"https:\/\/www.avaseats.com\/index.php\/wp-json\/wp\/v2\/media?parent=677"}],"curies":[{"name":"wp","href":"https:\/\/api.w.org\/{rel}","templated":true}]}}