{"id":39,"date":"2018-02-16T16:54:35","date_gmt":"2018-02-16T16:54:35","guid":{"rendered":"http:\/\/msmbizz.mihai1-work.cloud-press.net\/?page_id=39"},"modified":"2022-05-17T11:33:48","modified_gmt":"2022-05-17T09:33:48","slug":"kontakt","status":"publish","type":"page","link":"https:\/\/www.avaseats.com\/index.php\/kontakt\/","title":{"rendered":"Kontakt"},"content":{"rendered":"<div data-label=\"Contact\" data-id=\"contact-5\" data-export-id=\"contact-5\" data-category=\"contact\" class=\"contact-5 content-section content-section-spacing\" id=\"contact-3\" style=\"background-color: #ffffff; background-image: none;\">\r\n<div class=\"gridContainer\">\r\n<div class=\"row text-center\">\r\n<div class=\"section-title-col\" data-type=\"column\"><\/div>\r\n<\/div>\r\n<div class=\"row middle-sm\">\r\n<div class=\"col-xs-12 col-sm-6 image-holder space-bottom-xs\"><img decoding=\"async\" src=\"\/\/extendthemes.com\/assets\/mesmerize\/sections-images\/map2.png\"><\/div>\r\n<div class=\"col-xs-12 col-sm-6\">\r\n<div class=\"row middle-sm\">\r\n<div data-type=\"column\" class=\"col-xs-12 space-bottom-small\">\r\n<h3 class=\"color1\">Skontaktuj si\u0119 z nami<\/h3>\r\n<\/div>\r\n<\/div>\r\n<div class=\"row middle-sm\" data-type=\"row\">\r\n<div class=\"col-xs-12 space-bottom-small\">\r\n<div class=\"row\">\r\n<div data-type=\"column\" class=\"col-xs-12 col-sm-fit label-col\">\r\n<h5 class=\"\"><span style=\"font-family: 'Open Sans', arial, helvetica, sans-serif; font-weight: 600;\">Adres:<\/span><\/h5>\r\n<\/div>\r\n<div data-type=\"column\" class=\"col-xs-12 col-sm\">\r\n<p class=\"\">ul. Ksi\u0119dza Pra\u0142ata Stanis\u0142awa S\u0142onki 24, 34-300 \u017bywiec, wojew\u00f3dztwo: \u015bl\u0105skie<\/p>\r\n\r\n<\/div>\r\n<\/div>\r\n<\/div>\r\n<div class=\"col-xs-12 space-bottom-small\">\r\n<div class=\"row\">\r\n<div data-type=\"column\" class=\"col-xs-12 col-sm-fit label-col\">\r\n<h5 class=\"\"><span style=\"font-weight: 600;\">Telefon:<\/span><\/h5>\r\n<\/div>\r\n<div data-type=\"column\" class=\"col-xs-12 col-sm\">\r\n<p class=\"\">+48 33 862 21 05, 451 073 782<\/p>\r\n\r\n<\/div>\r\n<\/div>\r\n<\/div>\r\n<div class=\"col-xs-12 space-bottom-small\">\r\n<div class=\"row\">\r\n<div data-type=\"column\" class=\"col-xs-12 col-sm-fit label-col\">\r\n<h5 class=\"\"><span style=\"font-weight: 600;\">Email:<\/span><\/h5>\r\n<\/div>\r\n<div data-type=\"column\" class=\"col-xs-12 col-sm\"><a href=\"mailto:info@avaseats.com\" class=\"\" target=\"_self\" data-cp-link=\"1\" rel=\"noopener noreferrer\">info@avaseats.com<\/a><\/div>\r\n<\/div>\r\n<\/div>\r\n<\/div>\r\n<\/div>\r\n<\/div>\r\n<\/div>\r\n<\/div>","protected":false},"excerpt":{"rendered":"<p>Skontaktuj si\u0119 z nami Adres: ul. Ksi\u0119dza Pra\u0142ata Stanis\u0142awa S\u0142onki 24, 34-300 \u017bywiec, wojew\u00f3dztwo: \u015bl\u0105skie Telefon: +48 33 862 21 05, 451 073 782 Email: info@avaseats.com<\/p>\n","protected":false},"author":1,"featured_media":0,"parent":0,"menu_order":0,"comment_status":"closed","ping_status":"closed","template":"pro\/page-templates\/full-width-page.php","meta":{"ngg_post_thumbnail":0,"footnotes":""},"class_list":["post-39","page","type-page","status-publish","hentry"],"_links":{"self":[{"href":"https:\/\/www.avaseats.com\/index.php\/wp-json\/wp\/v2\/pages\/39","targetHints":{"allow":["GET"]}}],"collection":[{"href":"https:\/\/www.avaseats.com\/index.php\/wp-json\/wp\/v2\/pages"}],"about":[{"href":"https:\/\/www.avaseats.com\/index.php\/wp-json\/wp\/v2\/types\/page"}],"author":[{"embeddable":true,"href":"https:\/\/www.avaseats.com\/index.php\/wp-json\/wp\/v2\/users\/1"}],"replies":[{"embeddable":true,"href":"https:\/\/www.avaseats.com\/index.php\/wp-json\/wp\/v2\/comments?post=39"}],"version-history":[{"count":12,"href":"https:\/\/www.avaseats.com\/index.php\/wp-json\/wp\/v2\/pages\/39\/revisions"}],"predecessor-version":[{"id":1357,"href":"https:\/\/www.avaseats.com\/index.php\/wp-json\/wp\/v2\/pages\/39\/revisions\/1357"}],"wp:attachment":[{"href":"https:\/\/www.avaseats.com\/index.php\/wp-json\/wp\/v2\/media?parent=39"}],"curies":[{"name":"wp","href":"https:\/\/api.w.org\/{rel}","templated":true}]}}