{"id":1500,"date":"2025-04-24T11:07:52","date_gmt":"2025-04-24T09:07:52","guid":{"rendered":"https:\/\/www.avaseats.com\/?page_id=1500"},"modified":"2025-04-24T13:51:59","modified_gmt":"2025-04-24T11:51:59","slug":"dotacja","status":"publish","type":"page","link":"https:\/\/www.avaseats.com\/index.php\/dotacja\/","title":{"rendered":"Dotacja"},"content":{"rendered":"<h3 style=\"text-align: left;\">Dofinansowanie zadania z Funduszu Ubezpiecze\u0144 Spo\u0142ecznych pod tytu\u0142em &#8222;<strong>Poprawa Bezpiecze\u0144stwa i higieny pracy poprzez instalacj\u0119 odpylania przestrzennego obszaru spawalni oraz popraw\u0119 warunk\u00f3w o\u015bwietlenia na hali produkcyjnej&#8221;<\/strong>.<\/h3>\n<h4 style=\"text-align: left;\">Program dofinansowania sk\u0142adek w ramach prewencji wypadkowej.<\/h4>\n<h4 style=\"text-align: left;\">Warto\u015b\u0107 dofinansowania: 249.692,00 z\u0142<\/h4>\n<h4 style=\"text-align: left;\">Ca\u0142kowita warto\u015b\u0107 projektu: 464.743,63 z\u0142<\/h4>\n<h4 style=\"text-align: left;\">G\u0142\u00f3wnym celem realizowanego projektu jest poprawa warunk\u00f3w bezpiecze\u0144stwa i higieny w zakresie zmniejszenia st\u0119\u017ce\u0144 czynnik\u00f3w szkodliwych wyst\u0119puj\u0105cych na stanowisku spawacza oraz poprawa og\u00f3lnego o\u015bwietlenia hali produkcyjnej poprawiaj\u0105ca komfort pracy wszystkich pracownik\u00f3w produkcyjnych. Procesy produkcji i czynno\u015bci spawania wykonywane w nowo zakupionej hali, kt\u00f3ra nie jest wyposa\u017cona w instalacj\u0119 wentylacyjn\u0105 i klimatyzacyjn\u0105 oraz posiada nieefektywne o\u015bwietlenie ( wcze\u015bniej wykorzystywana by\u0142a jako powierzchnie magazynowe ), wymagaj\u0105 zastosowania rozwi\u0105za\u0144 poprawiaj\u0105cych bezpiecze\u0144stwo i higien\u0119 pracy w tym zakresie. Zrealizowane w ramach projektu nak\u0142ady inwestycyjne polegaj\u0105ce na zastosowaniu systemu filtrowentylacji przestrzennej push-pull z systmem wspieraj\u0105cym spowoduj\u0105 zmniejszenie ryzyka wyst\u0119puj\u0105cego podczas spawania, zwi\u0105zanego z wydzielaniem tlenk\u00f3w metali oraz innych zwi\u0105zk\u00f3w chemicznych z poziomu \u015bredniego do poziomu ma\u0142ego. System ten za\u0142atwia jednocze\u015bnie spraw\u0119 odpylania i wentylacji hali.<br \/>\nWymiana o\u015bwietlenia &#8211; spowoduje zmniejszenie przeci\u0105\u017cenia narz\u0105du wzroku na wszystkich stanowiskach produkcyjnych umiejscowionych na g\u0142\u00f3wnej hali produkcyjnej , w efekcie ryzyko ocenione obecnie na poziomie du\u017ce zostanie zmniejszone do poziomu ma\u0142e. Stan obecny oraz planowane zmiany na poszczeg\u00f3lnych stanowiskach znajduj\u0105 odzwierciedlenie w kartach oceny ryzyka zawodowego sporz\u0105dzonych dla wszystkich stanowisk obj\u0119tych projektem.<\/h4>\n<h4 style=\"text-align: left;\">Data podpisania umowy 11.2024r.<\/h4>\n<p><img loading=\"lazy\" decoding=\"async\" class=\"alignnone size-medium wp-image-1510\" src=\"https:\/\/www.avaseats.com\/wp-content\/uploads\/2025\/04\/znaki_strona_www-300x100.png\" alt=\"\" width=\"300\" height=\"100\" srcset=\"https:\/\/www.avaseats.com\/wp-content\/uploads\/2025\/04\/znaki_strona_www-300x100.png 300w, https:\/\/www.avaseats.com\/wp-content\/uploads\/2025\/04\/znaki_strona_www-1024x341.png 1024w, https:\/\/www.avaseats.com\/wp-content\/uploads\/2025\/04\/znaki_strona_www-768x256.png 768w, https:\/\/www.avaseats.com\/wp-content\/uploads\/2025\/04\/znaki_strona_www-1536x511.png 1536w, https:\/\/www.avaseats.com\/wp-content\/uploads\/2025\/04\/znaki_strona_www.png 1751w\" sizes=\"auto, (max-width: 300px) 100vw, 300px\" \/><\/p>\n<p>&nbsp;<\/p>\n","protected":false},"excerpt":{"rendered":"<p>Dofinansowanie zadania z Funduszu Ubezpiecze\u0144 Spo\u0142ecznych pod tytu\u0142em &#8222;Poprawa Bezpiecze\u0144stwa i higieny pracy poprzez instalacj\u0119 odpylania przestrzennego obszaru spawalni oraz popraw\u0119 warunk\u00f3w o\u015bwietlenia na hali produkcyjnej&#8221;. Program dofinansowania sk\u0142adek w ramach prewencji wypadkowej. Warto\u015b\u0107 dofinansowania: 249.692,00 z\u0142 Ca\u0142kowita warto\u015b\u0107 projektu: 464.743,63 z\u0142 G\u0142\u00f3wnym celem realizowanego projektu jest poprawa warunk\u00f3w bezpiecze\u0144stwa i higieny w zakresie zmniejszenia&hellip; <br \/> <a class=\"read-more\" href=\"https:\/\/www.avaseats.com\/index.php\/dotacja\/\">Dowiedz si\u0119 wi\u0119cej<\/a><\/p>\n","protected":false},"author":1,"featured_media":0,"parent":0,"menu_order":0,"comment_status":"closed","ping_status":"closed","template":"","meta":{"ngg_post_thumbnail":0,"footnotes":""},"class_list":["post-1500","page","type-page","status-publish","hentry"],"_links":{"self":[{"href":"https:\/\/www.avaseats.com\/index.php\/wp-json\/wp\/v2\/pages\/1500","targetHints":{"allow":["GET"]}}],"collection":[{"href":"https:\/\/www.avaseats.com\/index.php\/wp-json\/wp\/v2\/pages"}],"about":[{"href":"https:\/\/www.avaseats.com\/index.php\/wp-json\/wp\/v2\/types\/page"}],"author":[{"embeddable":true,"href":"https:\/\/www.avaseats.com\/index.php\/wp-json\/wp\/v2\/users\/1"}],"replies":[{"embeddable":true,"href":"https:\/\/www.avaseats.com\/index.php\/wp-json\/wp\/v2\/comments?post=1500"}],"version-history":[{"count":9,"href":"https:\/\/www.avaseats.com\/index.php\/wp-json\/wp\/v2\/pages\/1500\/revisions"}],"predecessor-version":[{"id":1512,"href":"https:\/\/www.avaseats.com\/index.php\/wp-json\/wp\/v2\/pages\/1500\/revisions\/1512"}],"wp:attachment":[{"href":"https:\/\/www.avaseats.com\/index.php\/wp-json\/wp\/v2\/media?parent=1500"}],"curies":[{"name":"wp","href":"https:\/\/api.w.org\/{rel}","templated":true}]}}